{"id":3,"date":"2019-09-05T15:17:12","date_gmt":"2019-09-05T13:17:12","guid":{"rendered":"http:\/\/6121936562264.hostingkunde.de\/?page_id=3"},"modified":"2023-05-16T11:19:41","modified_gmt":"2023-05-16T09:19:41","slug":"datenschutzerklaerung","status":"publish","type":"page","link":"https:\/\/zeilbeck.de\/en\/kontakt\/datenschutzerklaerung\/","title":{"rendered":"Legal Disclosure"},"content":{"rendered":"<div class=\"section-heading\">\n<h2>Legal Disclosure<\/h2>\n<\/div>\n\n\n\n<h4 class=\"wp-block-heading\">According to \u00a7 5 TMG<\/h4>\n\n\n\n<p>Reinhard Zeilbeck GmbH<br>Elsenheimerstra\u00dfe 28<br>80687 M\u00fcnchen<br>Handelsregister: HRB 86270<br>Registergericht: M\u00fcnchen Amtsgericht<\/p>\n\n\n\n<h4 class=\"wp-block-heading\">Represented by:<\/h4>\n\n\n\n<p>Konstantin Schwalbe<\/p>\n\n\n\n<h4 class=\"wp-block-heading\">Contact<\/h4>\n\n\n\n<p>Telefon: 089-54706535<br>Telefax: 089-54706530<br>E-Mail: info@zeilbeck.de<\/p>\n\n\n\n<h4 class=\"wp-block-heading\">Tax ID<\/h4>\n\n\n\n<p class=\"translation-block\">Tax identification number according to \u00a727 a Tax law: DE 129 499 017<br>We are not willing or obliged to participate in dispute settlement procedures before a consumer arbitration board.<\/p>\n\n\n\n<h4 class=\"wp-block-heading\">Liability for content<\/h4>\n\n\n\n<p>As a service provider, we are responsible for our own content on these pages according to Section 7, Paragraph 1 of the German Telemedia Act (TMG). According to \u00a7\u00a7 8 to 10 TMG, however, we as a service provider are not obliged to monitor transmitted or stored third-party information or to investigate circumstances that indicate illegal activity. Obligations to remove or block the use of information according to general laws remain unaffected. However, liability in this regard is only possible from the point in time at which knowledge of a specific infringement of the law is known. As soon as we become aware of any violations of the law, we will remove this content immediately.<\/p>\n\n\n\n<h4 class=\"wp-block-heading\">Liability for links<\/h4>\n\n\n\n<p>Our offer contains links to external websites over which we have no influence. Therefore we cannot assume any liability for this external content. The respective provider or operator of the pages is always responsible for the content of the linked pages. The linked pages were checked for possible legal violations at the time of linking. Illegal content was not recognizable at the time of linking. However, a permanent control of the content of the linked pages is not reasonable without concrete evidence of an infringement. As soon as we become aware of legal violations, we will remove such links immediately.<\/p>\n\n\n\n<h4 class=\"wp-block-heading\">Copyright<\/h4>\n\n\n\n<p>The content and works on these pages created by the site operators are subject to German copyright law. The duplication, editing, distribution and any kind of exploitation outside the limits of copyright require the written consent of the respective author or creator. Downloads and copies of this site are only permitted for private, non-commercial use. Insofar as the content on this site was not created by the operator, the copyrights of third parties are observed. In particular contents of third parties are marked as such. Should you nevertheless become aware of a copyright infringement, we ask that you inform us accordingly. As soon as we become aware of legal violations, we will remove such content immediately.<\/p>\n\n\n\n<div class=\"section-heading\">\n<h2>Privacy Policy<\/h2>\n<\/div>\n\n\n\n<h4 class=\"wp-block-heading\">Fundamentals<\/h4>\n\n\n\n<p>This data protection declaration is intended to inform the users of this website about the type, scope and purpose of the collection and use of personal data by the website operator Reinhard Zeilbeck GmbH.<\/p>\n\n\n\n<p>The website operator takes your data protection very seriously and treats your personal data confidentially and in accordance with legal regulations. As new technologies and the constant further development of this website may result in changes to this data protection declaration, we recommend that you read the data protection declaration again at regular intervals.<\/p>\n\n\n\n<p>Definitions of the terms used (e.g. \u201cpersonal data\u201d or \u201cprocessing\u201d) can be found in Art. 4 GDPR.<\/p>\n\n\n\n<h4 class=\"wp-block-heading\">Access data<\/h4>\n\n\n\n<p>We, the website operator or website provider, collect data about access to the website on the basis of our legitimate interest (see Art. 6 Para. 1 lit. f. DSGVO) and save these as \u201cserver log files\u201d on the website server. The following data is logged in this way:<\/p>\n\n\n\n<p class=\"has-text-align-left translation-block\">\u2022 Website visited<br>\u2022 Time of access<br>\u2022 Amount of data sent in bytes<br>\u2022 Source\/reference from which you accessed the page<br>\u2022 Browser used<br>\u2022 Operating system used<br>\u2022 IP address used<\/p>\n\n\n\n<p>The server log files are stored for a maximum of 7 days and then deleted. The data is stored for security reasons, e.g. B. to be able to clarify cases of abuse. If data has to be kept for reasons of proof, they are excluded from deletion until the incident has been finally clarified.<\/p>\n\n\n\n<h4 class=\"wp-block-heading\">Reach measurement &amp; cookies<\/h4>\n\n\n\n<p>This website uses cookies for pseudonymised range measurement, which are transmitted to the user's browser either from our server or from the server of third parties. Cookies are small files that are stored on your end device. Your browser accesses these files. The use of cookies increases the user-friendliness and security of this website. If you do not want cookies for range measurement to be stored on your end device, you can object to the use of these files here:<\/p>\n\n\n\n<p class=\"has-text-align-left translation-block\">\u2022 Network Advertising Initiative cookie opt-out page: <a href=\"http:\/\/optout.networkadvertising.org\/?c=1#!\/\" target=\"_self\">http:\/\/optout.networkadvertising.org\/?c=1 #!\/<\/a><br>\u2022 US site cookie opt-out page: <a href=\"http:\/\/optout.aboutads.info\/?c=2#!\/\" target=\"_self\">http :\/\/optout.aboutads.info\/?c=2#!\/<\/a><br>\u2022 European site cookie opt-out page: <a href=\"http:\/\/optout.networkadvertising.org\/?c=1 #!\/\" target=\"_self\">http:\/\/optout.networkadvertising.org\/?c=1#!\/<\/a><\/p>\n\n\n\n<p>Common browsers offer the setting option not to allow cookies. Note: There is no guarantee that you will be able to access all functions of this website without restrictions if you make the appropriate settings.<\/p>\n\n\n\n<h4 class=\"wp-block-heading\">Collection and processing of personal data<\/h4>\n\n\n\n<p>The website operator only collects, uses and passes on your personal data if this is permitted by law or if you consent to the collection of data. Personal data is all information that is used to identify your person and which can be traced back to you - for example your name, email address and telephone number.<\/p>\n\n\n\n<p class=\"translation-block\">You can also visit this website without providing any personal information. In order to improve our online offer, however, we save your access data to this website (without personal reference). This access data includes e.g. B. the file you requested or the name of your Internet provider. Due to the anonymization of the data, conclusions about your person are not possible.<br>We process personal data such as first name, last name, IP address, e-mail address, place of residence, postal code and content information from the contact form.<br>We process personal Data only with the express permission of the user concerned and in compliance with the applicable data protection regulations.<br>The processing of personal data is based on our legitimate interest in fulfilling our contractually agreed services and optimizing our online offer.<\/p>\n\n\n\n<h4 class=\"wp-block-heading\">Handling contact information<\/h4>\n\n\n\n<p>If you contact us as the website operator through the contact options offered, your details will be saved so that they can be used to process and answer your request. This data will not be passed on to third parties without your consent.<\/p>\n\n\n\n<h4 class=\"wp-block-heading\">Dealing with comments and contributions<\/h4>\n\n\n\n<p>If you leave a contribution or comment on this website, your IP address will be saved. This is done on the basis of our legitimate interests within the meaning of Article 6 Paragraph 1 Letter f Have the identity of the comment or contribution author.<\/p>\n\n\n\n<h4 class=\"wp-block-heading\">User rights<\/h4>\n\n\n\n<p>As a user, you have the right to request free information about what personal data has been stored about you. You also have the right to have inaccurate data corrected and the processing of your personal data restricted or erased. If applicable, you can also exercise your right to data portability. If you assume that your data has been processed unlawfully, you can lodge a complaint with the competent supervisory authority.<\/p>\n\n\n\n<h4 class=\"wp-block-heading\">Deletion of data<\/h4>\n\n\n\n<p>If your request does not conflict with a legal obligation to store data (e.g. data retention), you have the right to have your data deleted. Data stored by us will be deleted if they are no longer required for their intended purpose and there are no statutory retention periods. If deletion cannot be carried out because the data is required for permissible legal purposes, data processing will be restricted. In this case, the data will be blocked and not processed for other purposes.<\/p>\n\n\n\n<h4 class=\"wp-block-heading\">Right to object<\/h4>\n\n\n\n<p>Users of this website can exercise their right to object and object to the processing of their personal data at any time.<\/p>\n\n\n\n<p>If you would like a correction, blocking, deletion or information about the personal data stored about you or if you have questions regarding the collection, processing or use of your personal data or if you would like to revoke your consent, please contact us at the following e-mail address : info@zeilbeck.de<\/p>\n<input class=\"fooboxshare_post_id\" type=\"hidden\" value=\"3\"\/>","protected":false},"excerpt":{"rendered":"<p>Impressum Angaben gem\u00e4\u00df \u00a7 5 TMG Reinhard Zeilbeck GmbHElsenheimerstra\u00dfe 2880687 M\u00fcnchenHandelsregister: HRB 86270Registergericht: M\u00fcnchen Amtsgericht Vertreten durch: Konstantin Schwalbe Kontakt Telefon: 089-54706535Telefax:&#8230;<\/p>","protected":false},"author":2,"featured_media":0,"parent":1247,"menu_order":-1,"comment_status":"closed","ping_status":"closed","template":"templates\/data-privacy-page.php","meta":{"footnotes":""},"class_list":["post-3","page","type-page","status-publish","hentry"],"yoast_head":"<!-- This site is optimized with the Yoast SEO plugin v25.3.1 - https:\/\/yoast.com\/wordpress\/plugins\/seo\/ -->\n<title>Impressum - Zeilbeck Design Company<\/title>\n<meta name=\"robots\" content=\"index, follow, max-snippet:-1, max-image-preview:large, max-video-preview:-1\" \/>\n<link rel=\"canonical\" href=\"https:\/\/zeilbeck.de\/en\/kontakt\/datenschutzerklaerung\/\" \/>\n<meta property=\"og:locale\" content=\"en_GB\" \/>\n<meta property=\"og:type\" content=\"article\" \/>\n<meta property=\"og:title\" content=\"Impressum - Zeilbeck Design Company\" \/>\n<meta property=\"og:description\" content=\"Impressum Angaben gem\u00e4\u00df \u00a7 5 TMG Reinhard Zeilbeck GmbHElsenheimerstra\u00dfe 2880687 M\u00fcnchenHandelsregister: HRB 86270Registergericht: M\u00fcnchen Amtsgericht Vertreten durch: Konstantin Schwalbe Kontakt Telefon: 089-54706535Telefax:...\" \/>\n<meta property=\"og:url\" content=\"https:\/\/zeilbeck.de\/en\/kontakt\/datenschutzerklaerung\/\" \/>\n<meta property=\"og:site_name\" content=\"Zeilbeck Design Company\" \/>\n<meta property=\"article:publisher\" content=\"https:\/\/www.linkedin.com\/company\/zeilbeck-design-company\/about\/?viewAsMember=true\" \/>\n<meta property=\"article:modified_time\" content=\"2023-05-16T09:19:41+00:00\" \/>\n<meta property=\"og:image\" content=\"https:\/\/zeilbeck.de\/wp-content\/uploads\/2024\/11\/site_image.jpg\" \/>\n\t<meta property=\"og:image:width\" content=\"1200\" \/>\n\t<meta property=\"og:image:height\" content=\"675\" \/>\n\t<meta property=\"og:image:type\" content=\"image\/jpeg\" \/>\n<meta name=\"twitter:card\" content=\"summary_large_image\" \/>\n<meta name=\"twitter:label1\" content=\"Estimated reading time\" \/>\n\t<meta name=\"twitter:data1\" content=\"6 minutes\" \/>\n<script type=\"application\/ld+json\" class=\"yoast-schema-graph\">{\"@context\":\"https:\/\/schema.org\",\"@graph\":[{\"@type\":\"WebPage\",\"@id\":\"https:\/\/zeilbeck.de\/kontakt\/datenschutzerklaerung\/\",\"url\":\"https:\/\/zeilbeck.de\/kontakt\/datenschutzerklaerung\/\",\"name\":\"Impressum - Zeilbeck Design Company\",\"isPartOf\":{\"@id\":\"https:\/\/zeilbeck.de\/#website\"},\"datePublished\":\"2019-09-05T13:17:12+00:00\",\"dateModified\":\"2023-05-16T09:19:41+00:00\",\"breadcrumb\":{\"@id\":\"https:\/\/zeilbeck.de\/kontakt\/datenschutzerklaerung\/#breadcrumb\"},\"inLanguage\":\"en-GB\",\"potentialAction\":[{\"@type\":\"ReadAction\",\"target\":[\"https:\/\/zeilbeck.de\/kontakt\/datenschutzerklaerung\/\"]}]},{\"@type\":\"BreadcrumbList\",\"@id\":\"https:\/\/zeilbeck.de\/kontakt\/datenschutzerklaerung\/#breadcrumb\",\"itemListElement\":[{\"@type\":\"ListItem\",\"position\":1,\"name\":\"Home\",\"item\":\"https:\/\/zeilbeck.de\/\"},{\"@type\":\"ListItem\",\"position\":2,\"name\":\"KONTAKT\",\"item\":\"https:\/\/zeilbeck.de\/kontakt\/\"},{\"@type\":\"ListItem\",\"position\":3,\"name\":\"Impressum\"}]},{\"@type\":\"WebSite\",\"@id\":\"https:\/\/zeilbeck.de\/#website\",\"url\":\"https:\/\/zeilbeck.de\/\",\"name\":\"Zeilbeck Design Company\",\"description\":\"3D Animation Design Company\",\"potentialAction\":[{\"@type\":\"SearchAction\",\"target\":{\"@type\":\"EntryPoint\",\"urlTemplate\":\"https:\/\/zeilbeck.de\/?s={search_term_string}\"},\"query-input\":{\"@type\":\"PropertyValueSpecification\",\"valueRequired\":true,\"valueName\":\"search_term_string\"}}],\"inLanguage\":\"en-GB\"}]}<\/script>\n<!-- \/ Yoast SEO plugin. -->","yoast_head_json":{"title":"Impressum - Zeilbeck Design Company","robots":{"index":"index","follow":"follow","max-snippet":"max-snippet:-1","max-image-preview":"max-image-preview:large","max-video-preview":"max-video-preview:-1"},"canonical":"https:\/\/zeilbeck.de\/en\/kontakt\/datenschutzerklaerung\/","og_locale":"en_GB","og_type":"article","og_title":"Impressum - Zeilbeck Design Company","og_description":"Impressum Angaben gem\u00e4\u00df \u00a7 5 TMG Reinhard Zeilbeck GmbHElsenheimerstra\u00dfe 2880687 M\u00fcnchenHandelsregister: HRB 86270Registergericht: M\u00fcnchen Amtsgericht Vertreten durch: Konstantin Schwalbe Kontakt Telefon: 089-54706535Telefax:...","og_url":"https:\/\/zeilbeck.de\/en\/kontakt\/datenschutzerklaerung\/","og_site_name":"Zeilbeck Design Company","article_publisher":"https:\/\/www.linkedin.com\/company\/zeilbeck-design-company\/about\/?viewAsMember=true","article_modified_time":"2023-05-16T09:19:41+00:00","og_image":[{"width":1200,"height":675,"url":"https:\/\/zeilbeck.de\/wp-content\/uploads\/2024\/11\/site_image.jpg","type":"image\/jpeg"}],"twitter_card":"summary_large_image","twitter_misc":{"Estimated reading time":"6 minutes"},"schema":{"@context":"https:\/\/schema.org","@graph":[{"@type":"WebPage","@id":"https:\/\/zeilbeck.de\/kontakt\/datenschutzerklaerung\/","url":"https:\/\/zeilbeck.de\/kontakt\/datenschutzerklaerung\/","name":"Impressum - Zeilbeck Design Company","isPartOf":{"@id":"https:\/\/zeilbeck.de\/#website"},"datePublished":"2019-09-05T13:17:12+00:00","dateModified":"2023-05-16T09:19:41+00:00","breadcrumb":{"@id":"https:\/\/zeilbeck.de\/kontakt\/datenschutzerklaerung\/#breadcrumb"},"inLanguage":"en-GB","potentialAction":[{"@type":"ReadAction","target":["https:\/\/zeilbeck.de\/kontakt\/datenschutzerklaerung\/"]}]},{"@type":"BreadcrumbList","@id":"https:\/\/zeilbeck.de\/kontakt\/datenschutzerklaerung\/#breadcrumb","itemListElement":[{"@type":"ListItem","position":1,"name":"Home","item":"https:\/\/zeilbeck.de\/"},{"@type":"ListItem","position":2,"name":"KONTAKT","item":"https:\/\/zeilbeck.de\/kontakt\/"},{"@type":"ListItem","position":3,"name":"Impressum"}]},{"@type":"WebSite","@id":"https:\/\/zeilbeck.de\/#website","url":"https:\/\/zeilbeck.de\/","name":"Zeilbeck Design Company","description":"3D Animation Design Company","potentialAction":[{"@type":"SearchAction","target":{"@type":"EntryPoint","urlTemplate":"https:\/\/zeilbeck.de\/?s={search_term_string}"},"query-input":{"@type":"PropertyValueSpecification","valueRequired":true,"valueName":"search_term_string"}}],"inLanguage":"en-GB"}]}},"_links":{"self":[{"href":"https:\/\/zeilbeck.de\/en\/wp-json\/wp\/v2\/pages\/3","targetHints":{"allow":["GET"]}}],"collection":[{"href":"https:\/\/zeilbeck.de\/en\/wp-json\/wp\/v2\/pages"}],"about":[{"href":"https:\/\/zeilbeck.de\/en\/wp-json\/wp\/v2\/types\/page"}],"author":[{"embeddable":true,"href":"https:\/\/zeilbeck.de\/en\/wp-json\/wp\/v2\/users\/2"}],"replies":[{"embeddable":true,"href":"https:\/\/zeilbeck.de\/en\/wp-json\/wp\/v2\/comments?post=3"}],"version-history":[{"count":42,"href":"https:\/\/zeilbeck.de\/en\/wp-json\/wp\/v2\/pages\/3\/revisions"}],"predecessor-version":[{"id":2002,"href":"https:\/\/zeilbeck.de\/en\/wp-json\/wp\/v2\/pages\/3\/revisions\/2002"}],"up":[{"embeddable":true,"href":"https:\/\/zeilbeck.de\/en\/wp-json\/wp\/v2\/pages\/1247"}],"wp:attachment":[{"href":"https:\/\/zeilbeck.de\/en\/wp-json\/wp\/v2\/media?parent=3"}],"curies":[{"name":"wp","href":"https:\/\/api.w.org\/{rel}","templated":true}]}}